{"id":5591,"date":"2023-01-19T08:27:41","date_gmt":"2023-01-19T07:27:41","guid":{"rendered":"https:\/\/www.mild.se\/mild-och-nordsjo-ide-och-design\/"},"modified":"2024-01-23T14:17:49","modified_gmt":"2024-01-23T13:17:49","slug":"mild-och-nordsjo-ide-och-design","status":"publish","type":"page","link":"https:\/\/www.mild.se\/en\/mild-och-nordsjo-ide-och-design\/","title":{"rendered":"Mild och Nordsj\u00f6 Id\u00e9 och Design"},"content":{"rendered":"<div class=\"block core-heading container \"><div class=\"row justify-content-center\"><div class=\"col-lg-8\">\n<h2 class=\"wp-block-heading\">Fyll i dina uppgifter nedan s\u00e5 kontaktar vi er.<\/h2>\n<\/div><\/div><\/div>\n\n<div class=\"block core-paragraph container \"><div class=\"row justify-content-center\"><div class=\"col-lg-8\">\n<p>D\u00e4refter hittar vi ett gemensamt m\u00f6tesdatum d\u00e5 vi kan s\u00e4tta oss ner p\u00e5 ett f\u00f6ruts\u00e4ttningsl\u00f6st m\u00f6te. Under m\u00f6tet hj\u00e4lper vi er att konkretisera tankar och id\u00e9er till n\u00e5got som vi kan jobba vidare med. Antingen ger vi en f\u00f6rsta fingervisning p\u00e5 en rimlig budget eller s\u00e5 ser vi hur vi kan hj\u00e4lpa er att ta projektet vidare p\u00e5 andra s\u00e4tt. <\/p>\n<\/div><\/div><\/div>\n\n<div class=\"block gravityforms-form container \"><script type=\"text\/javascript\">\n\/* <![CDATA[ *\/\nvar gform;gform||(document.addEventListener(\"gform_main_scripts_loaded\",function(){gform.scriptsLoaded=!0}),document.addEventListener(\"gform\/theme\/scripts_loaded\",function(){gform.themeScriptsLoaded=!0}),window.addEventListener(\"DOMContentLoaded\",function(){gform.domLoaded=!0}),gform={domLoaded:!1,scriptsLoaded:!1,themeScriptsLoaded:!1,isFormEditor:()=>\"function\"==typeof InitializeEditor,callIfLoaded:function(o){return!(!gform.domLoaded||!gform.scriptsLoaded||!gform.themeScriptsLoaded&&!gform.isFormEditor()||(gform.isFormEditor()&&console.warn(\"The use of gform.initializeOnLoaded() is deprecated in the form editor context and will be removed in Gravity Forms 3.1.\"),o(),0))},initializeOnLoaded:function(o){gform.callIfLoaded(o)||(document.addEventListener(\"gform_main_scripts_loaded\",()=>{gform.scriptsLoaded=!0,gform.callIfLoaded(o)}),document.addEventListener(\"gform\/theme\/scripts_loaded\",()=>{gform.themeScriptsLoaded=!0,gform.callIfLoaded(o)}),window.addEventListener(\"DOMContentLoaded\",()=>{gform.domLoaded=!0,gform.callIfLoaded(o)}))},hooks:{action:{},filter:{}},addAction:function(o,r,e,t){gform.addHook(\"action\",o,r,e,t)},addFilter:function(o,r,e,t){gform.addHook(\"filter\",o,r,e,t)},doAction:function(o){gform.doHook(\"action\",o,arguments)},applyFilters:function(o){return gform.doHook(\"filter\",o,arguments)},removeAction:function(o,r){gform.removeHook(\"action\",o,r)},removeFilter:function(o,r,e){gform.removeHook(\"filter\",o,r,e)},addHook:function(o,r,e,t,n){null==gform.hooks[o][r]&&(gform.hooks[o][r]=[]);var d=gform.hooks[o][r];null==n&&(n=r+\"_\"+d.length),gform.hooks[o][r].push({tag:n,callable:e,priority:t=null==t?10:t})},doHook:function(r,o,e){var t;if(e=Array.prototype.slice.call(e,1),null!=gform.hooks[r][o]&&((o=gform.hooks[r][o]).sort(function(o,r){return o.priority-r.priority}),o.forEach(function(o){\"function\"!=typeof(t=o.callable)&&(t=window[t]),\"action\"==r?t.apply(null,e):e[0]=t.apply(null,e)})),\"filter\"==r)return e[0]},removeHook:function(o,r,t,n){var e;null!=gform.hooks[o][r]&&(e=(e=gform.hooks[o][r]).filter(function(o,r,e){return!!(null!=n&&n!=o.tag||null!=t&&t!=o.priority)}),gform.hooks[o][r]=e)}});\n\/* ]]> *\/\n<\/script>\n\n                <div class='gf_browser_gecko gform_wrapper gform_legacy_markup_wrapper gform-theme--no-framework' data-form-theme='legacy' data-form-index='0' id='gform_wrapper_17' >\n                        <div class='gform_heading'>\n                            <p class='gform_description'><\/p>\n                        <\/div><form method='post' enctype='multipart\/form-data'  id='gform_17'  action='\/en\/wp-json\/wp\/v2\/pages\/5591' data-formid='17' novalidate>\n                        <div class='gform-body gform_body'><ul id='gform_fields_17' class='gform_fields top_label form_sublabel_below description_below validation_below'><li id=\"field_17_10\" class=\"gfield gfield--type-name gfield_contains_required field_sublabel_hidden_label gfield--no-description field_description_below field_validation_below gfield_visibility_visible\"  ><label class='gfield_label gform-field-label gfield_label_before_complex' >Name<span class=\"gfield_required\"><span class=\"gfield_required gfield_required_asterisk\">*<\/span><\/span><\/label><div class='ginput_complex ginput_container ginput_container--name no_prefix has_first_name no_middle_name has_last_name no_suffix gf_name_has_2 ginput_container_name gform-grid-row' id='input_17_10'>\n                            \n                            <span id='input_17_10_3_container' class='name_first gform-grid-col gform-grid-col--size-auto' >\n                                                    <input type='text' name='input_10.3' id='input_17_10_3' value=''   aria-required='true'   placeholder='First name'  \/>\n                                                    <label for='input_17_10_3' class='gform-field-label gform-field-label--type-sub hidden_sub_label screen-reader-text'>First<\/label>\n                                                <\/span>\n                            \n                            <span id='input_17_10_6_container' class='name_last gform-grid-col gform-grid-col--size-auto' >\n                                                    <input type='text' name='input_10.6' id='input_17_10_6' value=''   aria-required='true'   placeholder='Last name'  \/>\n                                                    <label for='input_17_10_6' class='gform-field-label gform-field-label--type-sub hidden_sub_label screen-reader-text'>Last<\/label>\n                                                <\/span>\n                            \n                        <\/div><\/li><li id=\"field_17_9\" class=\"gfield gfield--type-text gfield_contains_required field_sublabel_below gfield--no-description field_description_below field_validation_below gfield_visibility_visible\"  ><label class='gfield_label gform-field-label' for='input_17_9'>Company name<span class=\"gfield_required\"><span class=\"gfield_required gfield_required_asterisk\">*<\/span><\/span><\/label><div class='ginput_container ginput_container_text'><input name='input_9' id='input_17_9' type='text' value='' class='large'    placeholder='Company name' aria-required=\"true\" aria-invalid=\"false\"   \/><\/div><\/li><li id=\"field_17_7\" class=\"gfield gfield--type-email gf_left_half gfield_contains_required field_sublabel_below gfield--no-description field_description_below field_validation_below gfield_visibility_visible\"  ><label class='gfield_label gform-field-label' for='input_17_7'>Email<span class=\"gfield_required\"><span class=\"gfield_required gfield_required_asterisk\">*<\/span><\/span><\/label><div class='ginput_container ginput_container_email'>\n                            <input name='input_7' id='input_17_7' type='email' value='' class='large'   placeholder='Email' aria-required=\"true\" aria-invalid=\"false\"  \/>\n                        <\/div><\/li><li id=\"field_17_8\" class=\"gfield gfield--type-text gf_right_half gfield_contains_required field_sublabel_below gfield--no-description field_description_below field_validation_below gfield_visibility_visible\"  ><label class='gfield_label gform-field-label' for='input_17_8'>Phone number<span class=\"gfield_required\"><span class=\"gfield_required gfield_required_asterisk\">*<\/span><\/span><\/label><div class='ginput_container ginput_container_text'><input name='input_8' id='input_17_8' type='text' value='' class='large'    placeholder='Phone number' aria-required=\"true\" aria-invalid=\"false\"   \/><\/div><\/li><li id=\"field_17_5\" class=\"gfield gfield--type-textarea field_sublabel_below gfield--no-description field_description_below field_validation_below gfield_visibility_visible\"  ><label class='gfield_label gform-field-label' for='input_17_5'>Message<\/label><div class='ginput_container ginput_container_textarea'><textarea name='input_5' id='input_17_5' class='textarea large'    placeholder='Write your message...'  aria-invalid=\"false\"   rows='10' cols='50'><\/textarea><\/div><\/li><li id=\"field_17_6\" class=\"gfield gfield--type-consent gfield--type-choice gfield--input-type-consent gfield_contains_required field_sublabel_below gfield--no-description field_description_below hidden_label field_validation_below gfield_visibility_visible\"  ><label class='gfield_label gform-field-label screen-reader-text gfield_label_before_complex' ><span class=\"gfield_required\"><span class=\"gfield_required gfield_required_asterisk\">*<\/span><\/span><\/label><div class='ginput_container ginput_container_consent'><input name='input_6.1' id='input_17_6_1' type='checkbox' value='1'   aria-required=\"true\" aria-invalid=\"false\"   \/> <label class=\"gform-field-label gform-field-label--type-inline gfield_consent_label\" for='input_17_6_1' >I hereby approve Mild's <a href=\"https:\/\/www.mild.se\/en\/privacy-policy\/\"target=\"_blank\">privacy policy<\/a>.<span class=\"gfield_required gfield_required_asterisk\">*<\/span><\/label><input type='hidden' name='input_6.2' value='I hereby approve Mild&#039;s &lt;a href=&quot;https:\/\/www.mild.se\/en\/privacy-policy\/&quot;target=&quot;_blank&quot;&gt;privacy policy&lt;\/a&gt;.' class='gform_hidden' \/><input type='hidden' name='input_6.3' value='12' class='gform_hidden' \/><\/div><\/li><li id=\"field_17_11\" class=\"gfield gfield--type-hidden gform_hidden field_sublabel_below gfield--no-description field_description_below field_validation_below gfield_visibility_visible\"  ><div class='ginput_container ginput_container_text'><input name='input_11' id='input_17_11' type='hidden' class='gform_hidden'  aria-invalid=\"false\" value='https:\/\/www.mild.se\/en\/wp-json\/wp\/v2\/pages\/5591' \/><\/div><\/li><\/ul><\/div>\n        <div class='gform-footer gform_footer top_label'> <input type='submit' id='gform_submit_button_17' class='gform_button button' onclick='gform.submission.handleButtonClick(this);' data-submission-type='submit' value='Submit'  \/> \n            <input type='hidden' class='gform_hidden' name='gform_submission_method' data-js='gform_submission_method_17' value='postback' \/>\n            <input type='hidden' class='gform_hidden' name='gform_theme' data-js='gform_theme_17' id='gform_theme_17' value='legacy' \/>\n            <input type='hidden' class='gform_hidden' name='gform_style_settings' data-js='gform_style_settings_17' id='gform_style_settings_17' value='{&quot;inputPrimaryColor&quot;:&quot;#204ce5&quot;}' \/>\n            <input type='hidden' class='gform_hidden' name='is_submit_17' value='1' \/>\n            <input type='hidden' class='gform_hidden' name='gform_submit' value='17' \/>\n            \n            <input type='hidden' class='gform_hidden' name='gform_currency' data-currency='SEK' value='oXEVGugreC9tFDmKlI5e1wxOUKo055dmz5piWvPdogYdZRjw4O2JSIYEHj90XacWEJby8QVkKEhfyz4+bxZuQRa+fAl3epp4B7yrOfIkrxm98pQ=' \/>\n            <input type='hidden' class='gform_hidden' name='gform_unique_id' value='' \/>\n            <input type='hidden' class='gform_hidden' name='state_17' value='WyJ7XCI2LjFcIjpcIjcxOWJiMDEwYjE1Yjk0YTViZWM5NGU2MTY3NzI3NzRiXCIsXCI2LjJcIjpcImMyYmFiZjhjM2NhZjI5ZTIzMjlkMTNiYzYzNDk3ZDJjXCIsXCI2LjNcIjpcIjE5OTEyMTcwNmQyNzkwMWI5OGQ2NmIxNTBlYmQ0MzRhXCJ9IiwiNDFhMWUzYTNhNjIwNzQxMTIxODM4ZmEzODc5ZGNlZjkiXQ==' \/>\n            <input type='hidden' autocomplete='off' class='gform_hidden' name='gform_target_page_number_17' id='gform_target_page_number_17' value='0' \/>\n            <input type='hidden' autocomplete='off' class='gform_hidden' name='gform_source_page_number_17' id='gform_source_page_number_17' value='1' \/>\n            <input type='hidden' name='gform_field_values' value='' \/>\n            \n        <\/div>\n                        <\/form>\n                        <\/div><script type=\"text\/javascript\">\n\/* <![CDATA[ *\/\n gform.initializeOnLoaded( function() {gformInitSpinner( 17, 'https:\/\/www.mild.se\/wp-content\/plugins\/gravityforms\/images\/spinner.svg', true );jQuery('#gform_ajax_frame_17').on('load',function(){var contents = jQuery(this).contents().find('*').html();var is_postback = contents.indexOf('GF_AJAX_POSTBACK') >= 0;if(!is_postback){return;}var form_content = jQuery(this).contents().find('#gform_wrapper_17');var is_confirmation = jQuery(this).contents().find('#gform_confirmation_wrapper_17').length > 0;var is_redirect = contents.indexOf('gformRedirect(){') >= 0;var is_form = form_content.length > 0 && ! is_redirect && ! is_confirmation;var mt = parseInt(jQuery('html').css('margin-top'), 10) + parseInt(jQuery('body').css('margin-top'), 10) + 100;if(is_form){jQuery('#gform_wrapper_17').html(form_content.html());if(form_content.hasClass('gform_validation_error')){jQuery('#gform_wrapper_17').addClass('gform_validation_error');} else {jQuery('#gform_wrapper_17').removeClass('gform_validation_error');}setTimeout( function() { \/* delay the scroll by 50 milliseconds to fix a bug in chrome *\/  }, 50 );if(window['gformInitDatepicker']) {gformInitDatepicker();}if(window['gformInitPriceFields']) {gformInitPriceFields();}var current_page = jQuery('#gform_source_page_number_17').val();gformInitSpinner( 17, 'https:\/\/www.mild.se\/wp-content\/plugins\/gravityforms\/images\/spinner.svg', true );jQuery(document).trigger('gform_page_loaded', [17, current_page]);window['gf_submitting_17'] = false;}else if(!is_redirect){var confirmation_content = jQuery(this).contents().find('.GF_AJAX_POSTBACK').html();if(!confirmation_content){confirmation_content = contents;}jQuery('#gform_wrapper_17').replaceWith(confirmation_content);jQuery(document).trigger('gform_confirmation_loaded', [17]);window['gf_submitting_17'] = false;wp.a11y.speak(jQuery('#gform_confirmation_message_17').text());}else{jQuery('#gform_17').append(contents);if(window['gformRedirect']) {gformRedirect();}}jQuery(document).trigger(\"gform_pre_post_render\", [{ formId: \"17\", currentPage: \"current_page\", abort: function() { this.preventDefault(); } }]);        if (event && event.defaultPrevented) {                return;        }        const gformWrapperDiv = document.getElementById( \"gform_wrapper_17\" );        if ( gformWrapperDiv ) {            const visibilitySpan = document.createElement( \"span\" );            visibilitySpan.id = \"gform_visibility_test_17\";            gformWrapperDiv.insertAdjacentElement( \"afterend\", visibilitySpan );        }        const visibilityTestDiv = document.getElementById( \"gform_visibility_test_17\" );        let postRenderFired = false;        function triggerPostRender() {            if ( postRenderFired ) {                return;            }            postRenderFired = true;            gform.core.triggerPostRenderEvents( 17, current_page );            if ( visibilityTestDiv ) {                visibilityTestDiv.parentNode.removeChild( visibilityTestDiv );            }        }        function debounce( func, wait, immediate ) {            var timeout;            return function() {                var context = this, args = arguments;                var later = function() {                    timeout = null;                    if ( !immediate ) func.apply( context, args );                };                var callNow = immediate && !timeout;                clearTimeout( timeout );                timeout = setTimeout( later, wait );                if ( callNow ) func.apply( context, args );            };        }        const debouncedTriggerPostRender = debounce( function() {            triggerPostRender();        }, 200 );        if ( visibilityTestDiv && visibilityTestDiv.offsetParent === null ) {            const observer = new MutationObserver( ( mutations ) => {                mutations.forEach( ( mutation ) => {                    if ( mutation.type === 'attributes' && visibilityTestDiv.offsetParent !== null ) {                        debouncedTriggerPostRender();                        observer.disconnect();                    }                });            });            observer.observe( document.body, {                attributes: true,                childList: false,                subtree: true,                attributeFilter: [ 'style', 'class' ],            });        } else {            triggerPostRender();        }    } );} ); \n\/* ]]> *\/\n<\/script>\n<\/div>\n\n<div class=\"block core-spacer container \">\n<div style=\"height:41px\" aria-hidden=\"true\" class=\"wp-block-spacer\"><\/div>\n<\/div>","protected":false},"excerpt":{"rendered":"<p>Fyll i dina uppgifter nedan s\u00e5 kontaktar vi er. D\u00e4refter hittar vi ett gemensamt m\u00f6tesdatum d\u00e5 vi kan s\u00e4tta oss ner p\u00e5 ett f\u00f6ruts\u00e4ttningsl\u00f6st m\u00f6te. Under m\u00f6tet hj\u00e4lper vi er att konkretisera tankar och id\u00e9er till n\u00e5got som vi kan jobba vidare med. Antingen ger vi en f\u00f6rsta fingervisning p\u00e5 en rimlig budget eller s\u00e5 [&hellip;]<\/p>\n","protected":false},"author":1,"featured_media":0,"parent":0,"menu_order":0,"comment_status":"closed","ping_status":"closed","template":"","meta":{"_acf_changed":false,"content-type":"","inline_featured_image":false,"footnotes":""},"class_list":["post-5591","page","type-page","status-publish","hentry"],"acf":[],"yoast_head":"<!-- This site is optimized with the Yoast SEO plugin v27.3 - https:\/\/yoast.com\/product\/yoast-seo-wordpress\/ -->\n<title>Mild och Nordsj\u00f6 Id\u00e9 och Design - Mild<\/title>\n<meta name=\"robots\" content=\"index, follow, max-snippet:-1, max-image-preview:large, max-video-preview:-1\" \/>\n<link rel=\"canonical\" href=\"https:\/\/www.mild.se\/en\/mild-och-nordsjo-ide-och-design\/\" \/>\n<meta property=\"og:locale\" content=\"en_US\" \/>\n<meta property=\"og:type\" content=\"article\" \/>\n<meta property=\"og:title\" content=\"Mild och Nordsj\u00f6 Id\u00e9 och Design - Mild\" \/>\n<meta property=\"og:description\" content=\"Fyll i dina uppgifter nedan s\u00e5 kontaktar vi er. D\u00e4refter hittar vi ett gemensamt m\u00f6tesdatum d\u00e5 vi kan s\u00e4tta oss ner p\u00e5 ett f\u00f6ruts\u00e4ttningsl\u00f6st m\u00f6te. Under m\u00f6tet hj\u00e4lper vi er att konkretisera tankar och id\u00e9er till n\u00e5got som vi kan jobba vidare med. Antingen ger vi en f\u00f6rsta fingervisning p\u00e5 en rimlig budget eller s\u00e5 [&hellip;]\" \/>\n<meta property=\"og:url\" content=\"https:\/\/www.mild.se\/en\/mild-och-nordsjo-ide-och-design\/\" \/>\n<meta property=\"og:site_name\" content=\"Mild\" \/>\n<meta property=\"article:publisher\" content=\"https:\/\/www.facebook.com\/mildmedia\/\" \/>\n<meta property=\"article:modified_time\" content=\"2024-01-23T13:17:49+00:00\" \/>\n<meta property=\"og:image\" content=\"https:\/\/www.mild.se\/wp-content\/uploads\/2022\/03\/Thumbnail_1200x627px.jpg\" \/>\n\t<meta property=\"og:image:width\" content=\"1200\" \/>\n\t<meta property=\"og:image:height\" content=\"627\" \/>\n\t<meta property=\"og:image:type\" content=\"image\/jpeg\" \/>\n<meta name=\"twitter:card\" content=\"summary_large_image\" \/>\n<script type=\"application\/ld+json\" class=\"yoast-schema-graph\">{\"@context\":\"https:\\\/\\\/schema.org\",\"@graph\":[{\"@type\":\"WebPage\",\"@id\":\"https:\\\/\\\/www.mild.se\\\/en\\\/mild-och-nordsjo-ide-och-design\\\/\",\"url\":\"https:\\\/\\\/www.mild.se\\\/en\\\/mild-och-nordsjo-ide-och-design\\\/\",\"name\":\"Mild och Nordsj\u00f6 Id\u00e9 och Design - Mild\",\"isPartOf\":{\"@id\":\"https:\\\/\\\/www.mild.se\\\/en\\\/#website\"},\"datePublished\":\"2023-01-19T07:27:41+00:00\",\"dateModified\":\"2024-01-23T13:17:49+00:00\",\"breadcrumb\":{\"@id\":\"https:\\\/\\\/www.mild.se\\\/en\\\/mild-och-nordsjo-ide-och-design\\\/#breadcrumb\"},\"inLanguage\":\"en-US\",\"potentialAction\":[{\"@type\":\"ReadAction\",\"target\":[\"https:\\\/\\\/www.mild.se\\\/en\\\/mild-och-nordsjo-ide-och-design\\\/\"]}]},{\"@type\":\"BreadcrumbList\",\"@id\":\"https:\\\/\\\/www.mild.se\\\/en\\\/mild-och-nordsjo-ide-och-design\\\/#breadcrumb\",\"itemListElement\":[{\"@type\":\"ListItem\",\"position\":1,\"name\":\"Home\",\"item\":\"https:\\\/\\\/www.mild.se\\\/en\\\/\"},{\"@type\":\"ListItem\",\"position\":2,\"name\":\"Mild och Nordsj\u00f6 Id\u00e9 och Design\"}]},{\"@type\":\"WebSite\",\"@id\":\"https:\\\/\\\/www.mild.se\\\/en\\\/#website\",\"url\":\"https:\\\/\\\/www.mild.se\\\/en\\\/\",\"name\":\"Mild\",\"description\":\"\",\"publisher\":{\"@id\":\"https:\\\/\\\/www.mild.se\\\/en\\\/#organization\"},\"potentialAction\":[{\"@type\":\"SearchAction\",\"target\":{\"@type\":\"EntryPoint\",\"urlTemplate\":\"https:\\\/\\\/www.mild.se\\\/en\\\/?s={search_term_string}\"},\"query-input\":{\"@type\":\"PropertyValueSpecification\",\"valueRequired\":true,\"valueName\":\"search_term_string\"}}],\"inLanguage\":\"en-US\"},{\"@type\":\"Organization\",\"@id\":\"https:\\\/\\\/www.mild.se\\\/en\\\/#organization\",\"name\":\"Mild\",\"url\":\"https:\\\/\\\/www.mild.se\\\/en\\\/\",\"logo\":{\"@type\":\"ImageObject\",\"inLanguage\":\"en-US\",\"@id\":\"https:\\\/\\\/www.mild.se\\\/en\\\/#\\\/schema\\\/logo\\\/image\\\/\",\"url\":\"https:\\\/\\\/www.mild.se\\\/wp-content\\\/uploads\\\/2020\\\/10\\\/logotype-social-mild.png\",\"contentUrl\":\"https:\\\/\\\/www.mild.se\\\/wp-content\\\/uploads\\\/2020\\\/10\\\/logotype-social-mild.png\",\"width\":1080,\"height\":1080,\"caption\":\"Mild\"},\"image\":{\"@id\":\"https:\\\/\\\/www.mild.se\\\/en\\\/#\\\/schema\\\/logo\\\/image\\\/\"},\"sameAs\":[\"https:\\\/\\\/www.facebook.com\\\/mildmedia\\\/\",\"https:\\\/\\\/www.instagram.com\\\/mildmedia\\\/\",\"https:\\\/\\\/www.linkedin.com\\\/company\\\/mild-media\\\/\"]}]}<\/script>\n<!-- \/ Yoast SEO plugin. -->","yoast_head_json":{"title":"Mild och Nordsj\u00f6 Id\u00e9 och Design - Mild","robots":{"index":"index","follow":"follow","max-snippet":"max-snippet:-1","max-image-preview":"max-image-preview:large","max-video-preview":"max-video-preview:-1"},"canonical":"https:\/\/www.mild.se\/en\/mild-och-nordsjo-ide-och-design\/","og_locale":"en_US","og_type":"article","og_title":"Mild och Nordsj\u00f6 Id\u00e9 och Design - Mild","og_description":"Fyll i dina uppgifter nedan s\u00e5 kontaktar vi er. D\u00e4refter hittar vi ett gemensamt m\u00f6tesdatum d\u00e5 vi kan s\u00e4tta oss ner p\u00e5 ett f\u00f6ruts\u00e4ttningsl\u00f6st m\u00f6te. Under m\u00f6tet hj\u00e4lper vi er att konkretisera tankar och id\u00e9er till n\u00e5got som vi kan jobba vidare med. Antingen ger vi en f\u00f6rsta fingervisning p\u00e5 en rimlig budget eller s\u00e5 [&hellip;]","og_url":"https:\/\/www.mild.se\/en\/mild-och-nordsjo-ide-och-design\/","og_site_name":"Mild","article_publisher":"https:\/\/www.facebook.com\/mildmedia\/","article_modified_time":"2024-01-23T13:17:49+00:00","og_image":[{"width":1200,"height":627,"url":"https:\/\/www.mild.se\/wp-content\/uploads\/2022\/03\/Thumbnail_1200x627px.jpg","type":"image\/jpeg"}],"twitter_card":"summary_large_image","schema":{"@context":"https:\/\/schema.org","@graph":[{"@type":"WebPage","@id":"https:\/\/www.mild.se\/en\/mild-och-nordsjo-ide-och-design\/","url":"https:\/\/www.mild.se\/en\/mild-och-nordsjo-ide-och-design\/","name":"Mild och Nordsj\u00f6 Id\u00e9 och Design - Mild","isPartOf":{"@id":"https:\/\/www.mild.se\/en\/#website"},"datePublished":"2023-01-19T07:27:41+00:00","dateModified":"2024-01-23T13:17:49+00:00","breadcrumb":{"@id":"https:\/\/www.mild.se\/en\/mild-och-nordsjo-ide-och-design\/#breadcrumb"},"inLanguage":"en-US","potentialAction":[{"@type":"ReadAction","target":["https:\/\/www.mild.se\/en\/mild-och-nordsjo-ide-och-design\/"]}]},{"@type":"BreadcrumbList","@id":"https:\/\/www.mild.se\/en\/mild-och-nordsjo-ide-och-design\/#breadcrumb","itemListElement":[{"@type":"ListItem","position":1,"name":"Home","item":"https:\/\/www.mild.se\/en\/"},{"@type":"ListItem","position":2,"name":"Mild och Nordsj\u00f6 Id\u00e9 och Design"}]},{"@type":"WebSite","@id":"https:\/\/www.mild.se\/en\/#website","url":"https:\/\/www.mild.se\/en\/","name":"Mild","description":"","publisher":{"@id":"https:\/\/www.mild.se\/en\/#organization"},"potentialAction":[{"@type":"SearchAction","target":{"@type":"EntryPoint","urlTemplate":"https:\/\/www.mild.se\/en\/?s={search_term_string}"},"query-input":{"@type":"PropertyValueSpecification","valueRequired":true,"valueName":"search_term_string"}}],"inLanguage":"en-US"},{"@type":"Organization","@id":"https:\/\/www.mild.se\/en\/#organization","name":"Mild","url":"https:\/\/www.mild.se\/en\/","logo":{"@type":"ImageObject","inLanguage":"en-US","@id":"https:\/\/www.mild.se\/en\/#\/schema\/logo\/image\/","url":"https:\/\/www.mild.se\/wp-content\/uploads\/2020\/10\/logotype-social-mild.png","contentUrl":"https:\/\/www.mild.se\/wp-content\/uploads\/2020\/10\/logotype-social-mild.png","width":1080,"height":1080,"caption":"Mild"},"image":{"@id":"https:\/\/www.mild.se\/en\/#\/schema\/logo\/image\/"},"sameAs":["https:\/\/www.facebook.com\/mildmedia\/","https:\/\/www.instagram.com\/mildmedia\/","https:\/\/www.linkedin.com\/company\/mild-media\/"]}]}},"_links":{"self":[{"href":"https:\/\/www.mild.se\/en\/wp-json\/wp\/v2\/pages\/5591","targetHints":{"allow":["GET"]}}],"collection":[{"href":"https:\/\/www.mild.se\/en\/wp-json\/wp\/v2\/pages"}],"about":[{"href":"https:\/\/www.mild.se\/en\/wp-json\/wp\/v2\/types\/page"}],"author":[{"embeddable":true,"href":"https:\/\/www.mild.se\/en\/wp-json\/wp\/v2\/users\/1"}],"replies":[{"embeddable":true,"href":"https:\/\/www.mild.se\/en\/wp-json\/wp\/v2\/comments?post=5591"}],"version-history":[{"count":4,"href":"https:\/\/www.mild.se\/en\/wp-json\/wp\/v2\/pages\/5591\/revisions"}],"predecessor-version":[{"id":7100,"href":"https:\/\/www.mild.se\/en\/wp-json\/wp\/v2\/pages\/5591\/revisions\/7100"}],"wp:attachment":[{"href":"https:\/\/www.mild.se\/en\/wp-json\/wp\/v2\/media?parent=5591"}],"curies":[{"name":"wp","href":"https:\/\/api.w.org\/{rel}","templated":true}]}}