{"id":7855,"date":"2020-10-22T21:00:07","date_gmt":"2020-10-22T19:00:07","guid":{"rendered":"https:\/\/www.mild.se\/personuppgiftspolicy-2\/"},"modified":"2024-02-27T17:07:48","modified_gmt":"2024-02-27T16:07:48","slug":"privacy-policy","status":"publish","type":"page","link":"https:\/\/www.mild.se\/en\/privacy-policy\/","title":{"rendered":"Privacy Policy"},"content":{"rendered":"<div class=\"block core-heading container \"><div class=\"row justify-content-center\"><div class=\"col-lg-8\">\n<h2 class=\"wp-block-heading\"><\/h2>\n<\/div><\/div><\/div>\n\n<div class=\"block core-paragraph container \"><div class=\"row justify-content-center\"><div class=\"col-lg-8\">\n<p>This privacy and cookie policy informs you about how we use personal data submitted to us, or personal data collected by us online (using cookies). This policy is available on <a href=\"http:\/\/www.mild.se\/\">www.mild.se<\/a> (\"the Website\").<\/p>\n<\/div><\/div><\/div>\n\n<div class=\"block core-paragraph container \"><div class=\"row justify-content-center\"><div class=\"col-lg-8\">\n<p>Mild will always comply with applicable privacy laws and will ensure that personal information is treated confidentially. Mild will not, unless required by law or by a legally binding decision from competent authorities, disclose personal data to third parties without prior consent, unless specifically stated herein.<\/p>\n<\/div><\/div><\/div>\n\n<div class=\"block core-paragraph container \"><div class=\"row justify-content-center\"><div class=\"col-lg-8\">\n<p><strong>Mild may process the following personal data:<\/strong><\/p>\n<\/div><\/div><\/div>\n\n<div class=\"block core-list container \"><div class=\"row justify-content-center\"><div class=\"col-lg-8\">\n<ul class=\"wp-block-list\">\n<li>Name, company, email, and phone number to process an inquiry when you fill out the form on the Website or in connection with an agreement between Mild and you or your employer\/client.<\/li>\n\n\n\n<li>Your name and contact information if you contact Mild on behalf of your employer or client.<\/li>\n\n\n\n<li>If you contact Mild, we store correspondence or comments, which may contain personal data, to provide better service if you contact Mild again.<\/li>\n<\/ul>\n<\/div><\/div><\/div>\n\n<div class=\"block core-heading container \"><div class=\"row justify-content-center\"><div class=\"col-lg-8\">\n<h3 class=\"wp-block-heading\">Legality in processing<\/h3>\n<\/div><\/div><\/div>\n\n<div class=\"block core-paragraph container \"><div class=\"row justify-content-center\"><div class=\"col-lg-8\">\n<p><strong>Mild will<\/strong>:<\/p>\n<\/div><\/div><\/div>\n\n<div class=\"block core-list container \"><div class=\"row justify-content-center\"><div class=\"col-lg-8\">\n<ul class=\"wp-block-list\">\n<li>Process your personal data lawfully, accurately, and in an open manner.<\/li>\n\n\n\n<li>Collect your personal data for the specified and legitimate purposes outlined in this policy and will not process your personal data in any way that is incompatible with these purposes.<\/li>\n\n\n\n<li>Collect and process personal data that is adequate, relevant, and necessary for the purposes for which it is collected and used.<\/li>\n\n\n\n<li>Process your personal data only for as long as necessary for the purposes for which it was collected.<\/li>\n\n\n\n<li>Take appropriate technical and organizational measures to prevent unauthorized access, unlawful processing, and unauthorized or accidental loss, destruction, or damage to personal data, thereby ensuring an appropriate level of security.<\/li>\n<\/ul>\n<\/div><\/div><\/div>\n\n<div class=\"block core-heading container \"><div class=\"row justify-content-center\"><div class=\"col-lg-8\">\n<h3 class=\"wp-block-heading\">Legal basis for processing and purposes of processing<\/h3>\n<\/div><\/div><\/div>\n\n<div class=\"block core-paragraph container \"><div class=\"row justify-content-center\"><div class=\"col-lg-8\">\n<p>Mild processes your personal data to respond to any inquiries from you (GDPR Article 6.1 f).<\/p>\n<\/div><\/div><\/div>\n\n<div class=\"block core-paragraph container \"><div class=\"row justify-content-center\"><div class=\"col-lg-8\">\n<p>If and to the extent that your inquiry results in an agreement between you and Mild, your personal information collected and processed when the inquiry was made will be processed to the extent necessary to fulfill Mild's obligations under the relevant agreement (GDPR Article 6.1b).<\/p>\n<\/div><\/div><\/div>\n\n<div class=\"block core-paragraph container \"><div class=\"row justify-content-center\"><div class=\"col-lg-8\">\n<p>Furthermore, Mild will process your personal data to the extent that Mild is obligated to do so by law or decision of authorities (GDPR Article 6.1c).<\/p>\n<\/div><\/div><\/div>\n\n<div class=\"block core-paragraph container \"><div class=\"row justify-content-center\"><div class=\"col-lg-8\">\n<p>Mild may also process your personal data, primarily email and telephone, to send information or marketing related to Mild's operations, based on a balancing of interests conducted in accordance with the General Data Protection Regulation (GDPR) Article 6.1 f). You always have the right to decline direct marketing.<\/p>\n<\/div><\/div><\/div>\n\n<div class=\"block core-heading container \"><div class=\"row justify-content-center\"><div class=\"col-lg-8\">\n<h3 class=\"wp-block-heading\">Data processor<\/h3>\n<\/div><\/div><\/div>\n\n<div class=\"block core-paragraph container \"><div class=\"row justify-content-center\"><div class=\"col-lg-8\">\n<p>Mild allows a data processor to process all personal data through both data storage and operation of our systems.<\/p>\n<\/div><\/div><\/div>\n\n<div class=\"block core-paragraph container \"><div class=\"row justify-content-center\"><div class=\"col-lg-8\">\n<p>The data processor may also read, organize, and transfer personal data according to instructions from Mild.<\/p>\n<\/div><\/div><\/div>\n\n<div class=\"block core-paragraph container \"><div class=\"row justify-content-center\"><div class=\"col-lg-8\">\n<p>The data processor only processes your personal data on servers located within the EU and EEA boundary and controlled by the data processor.<\/p>\n<\/div><\/div><\/div>\n\n<div class=\"block core-heading container \"><div class=\"row justify-content-center\"><div class=\"col-lg-8\">\n<h3 class=\"wp-block-heading\">Cookies<\/h3>\n<\/div><\/div><\/div>\n\n<div class=\"block core-paragraph container \"><div class=\"row justify-content-center\"><div class=\"col-lg-8\">\n<p>Mild uses cookies to provide a more user-friendly website. Third-party cookies may also be used (such as Google Analytics or other tools) for analytical purposes and\/or to improve traffic and visits.<\/p>\n<\/div><\/div><\/div>\n\n<div class=\"block core-paragraph container \"><div class=\"row justify-content-center\"><div class=\"col-lg-8\">\n<p>If you do not wish to have cookies installed on your computer or want to limit the processing of such information, your browser may in some cases allow you to opt out or anonymize your IP address.<\/p>\n<\/div><\/div><\/div>\n\n<div class=\"block core-heading container \"><div class=\"row justify-content-center\"><div class=\"col-lg-8\">\n<h3 class=\"wp-block-heading\">Security<\/h3>\n<\/div><\/div><\/div>\n\n<div class=\"block core-paragraph container \"><div class=\"row justify-content-center\"><div class=\"col-lg-8\">\n<p>Mild ensures that appropriate technical and organizational measures are taken to protect your personal data against unauthorized access or destruction, unlawful processing, or accidental loss or damage.<\/p>\n<\/div><\/div><\/div>\n\n<div class=\"block core-paragraph container \"><div class=\"row justify-content-center\"><div class=\"col-lg-8\">\n<p>Mild uses a secure server where your personal data is processed and limits access to personal data within the organization. Authorization to access personal data is granted only to individuals within the organization, as well as to the Data Processor, solely for the purpose of enabling them to perform their duties.<\/p>\n<\/div><\/div><\/div>\n\n<div class=\"block core-heading container \"><div class=\"row justify-content-center\"><div class=\"col-lg-8\">\n<h3 class=\"wp-block-heading\">Your rights<\/h3>\n<\/div><\/div><\/div>\n\n<div class=\"block core-paragraph container \"><div class=\"row justify-content-center\"><div class=\"col-lg-8\">\n<p><strong>You have the right to:<\/strong><\/p>\n<\/div><\/div><\/div>\n\n<div class=\"block core-list container \"><div class=\"row justify-content-center\"><div class=\"col-lg-8\">\n<ul class=\"wp-block-list\">\n<li>Obtain confirmation as to whether or not we process personal data about you, and if so, access this data in the manner specified by law.<\/li>\n\n\n\n<li>Request that we correct any inaccurate data about you.<\/li>\n\n\n\n<li>Request that we delete your data if there are no legal grounds for further processing.<\/li>\n\n\n\n<li>Request that we restrict the processing of your personal data, unless there are legal grounds for further processing.<\/li>\n\n\n\n<li>Request to receive the personal data concerning you, and which you have provided to us, in a structured, commonly used, and machine-readable format (portability).<\/li>\n<\/ul>\n<\/div><\/div><\/div>\n\n<div class=\"block core-paragraph container \"><div class=\"row justify-content-center\"><div class=\"col-lg-8\">\n<p>You also have the right to lodge a complaint about our processing with the supervisory authority, <a href=\"http:\/\/www.imy.se\">www.imy.se<\/a>.<\/p>\n<\/div><\/div><\/div>\n\n<div class=\"block core-paragraph container \"><div class=\"row justify-content-center\"><div class=\"col-lg-8\">\n<p>To ensure that the correct person submits the request for action as described above, we will conduct an identity verification process when such a request is made.<\/p>\n<\/div><\/div><\/div>\n\n<div class=\"block core-heading container \"><div class=\"row justify-content-center\"><div class=\"col-lg-8\">\n<h3 class=\"wp-block-heading\">Changes to this privacy policy<\/h3>\n<\/div><\/div><\/div>\n\n<div class=\"block core-paragraph container \"><div class=\"row justify-content-center\"><div class=\"col-lg-8\">\n<p>Mild reserves the right to change this privacy policy as needed, for example, to comply with changes in laws and regulations. Such a change will be published on the Website.<\/p>\n<\/div><\/div><\/div>\n\n<div class=\"block core-heading container \"><div class=\"row justify-content-center\"><div class=\"col-lg-8\">\n<h3 class=\"wp-block-heading\">Contact information<\/h3>\n<\/div><\/div><\/div>\n\n<div class=\"block core-paragraph container \"><div class=\"row justify-content-center\"><div class=\"col-lg-8\">\n<p>Mild Media AB<br>556810-1629<br>Stigbergsliden 7, 414 63 G\u00f6teborg<br>010 - 550 81 00<br>info@mild.se<\/p>\n<\/div><\/div><\/div>\n\n<div class=\"block core-spacer container \">\n<div style=\"height:50px\" aria-hidden=\"true\" class=\"wp-block-spacer\"><\/div>\n<\/div>","protected":false},"excerpt":{"rendered":"<p>This privacy and cookie policy informs you about how we use personal data submitted to us, or personal data collected by us online (using cookies). This policy is available on www.mild.se (&#8220;the Website&#8221;). Mild will always comply with applicable privacy laws and will ensure that personal information is treated confidentially. Mild will not, unless required [&hellip;]<\/p>\n","protected":false},"author":1,"featured_media":0,"parent":0,"menu_order":0,"comment_status":"closed","ping_status":"closed","template":"","meta":{"_acf_changed":false,"content-type":"","inline_featured_image":false,"footnotes":""},"class_list":["post-7855","page","type-page","status-publish","hentry"],"acf":[],"yoast_head":"<!-- This site is optimized with the Yoast SEO plugin v27.4 - https:\/\/yoast.com\/product\/yoast-seo-wordpress\/ -->\n<title>Privacy Policy - Mild<\/title>\n<meta name=\"description\" content=\"Denna sekretess- och cookiespolicy informerar dig om hur vi anv\u00e4nder personuppgifter som l\u00e4mnas in till oss - L\u00e4s mer h\u00e4r - Mild\" \/>\n<meta name=\"robots\" content=\"index, follow, max-snippet:-1, max-image-preview:large, max-video-preview:-1\" \/>\n<link rel=\"canonical\" href=\"https:\/\/www.mild.se\/en\/privacy-policy\/\" \/>\n<meta property=\"og:locale\" content=\"en_US\" \/>\n<meta property=\"og:type\" content=\"article\" \/>\n<meta property=\"og:title\" content=\"Privacy Policy - Mild\" \/>\n<meta property=\"og:description\" content=\"Denna sekretess- och cookiespolicy informerar dig om hur vi anv\u00e4nder personuppgifter som l\u00e4mnas in till oss - L\u00e4s mer h\u00e4r - Mild\" \/>\n<meta property=\"og:url\" content=\"https:\/\/www.mild.se\/en\/privacy-policy\/\" \/>\n<meta property=\"og:site_name\" content=\"Mild\" \/>\n<meta property=\"article:publisher\" content=\"https:\/\/www.facebook.com\/mildmedia\/\" \/>\n<meta property=\"article:modified_time\" content=\"2024-02-27T16:07:48+00:00\" \/>\n<meta property=\"og:image\" content=\"https:\/\/www.mild.se\/wp-content\/uploads\/2022\/03\/Thumbnail_1200x627px.jpg\" \/>\n\t<meta property=\"og:image:width\" content=\"1200\" \/>\n\t<meta property=\"og:image:height\" content=\"627\" \/>\n\t<meta property=\"og:image:type\" content=\"image\/jpeg\" \/>\n<meta name=\"twitter:card\" content=\"summary_large_image\" \/>\n<meta name=\"twitter:label1\" content=\"Est. reading time\" \/>\n\t<meta name=\"twitter:data1\" content=\"4 minutes\" \/>\n<script type=\"application\/ld+json\" class=\"yoast-schema-graph\">{\"@context\":\"https:\\\/\\\/schema.org\",\"@graph\":[{\"@type\":\"WebPage\",\"@id\":\"https:\\\/\\\/www.mild.se\\\/en\\\/privacy-policy\\\/\",\"url\":\"https:\\\/\\\/www.mild.se\\\/en\\\/privacy-policy\\\/\",\"name\":\"Privacy Policy - Mild\",\"isPartOf\":{\"@id\":\"https:\\\/\\\/www.mild.se\\\/en\\\/#website\"},\"datePublished\":\"2020-10-22T19:00:07+00:00\",\"dateModified\":\"2024-02-27T16:07:48+00:00\",\"description\":\"Denna sekretess- och cookiespolicy informerar dig om hur vi anv\u00e4nder personuppgifter som l\u00e4mnas in till oss - L\u00e4s mer h\u00e4r - Mild\",\"breadcrumb\":{\"@id\":\"https:\\\/\\\/www.mild.se\\\/en\\\/privacy-policy\\\/#breadcrumb\"},\"inLanguage\":\"en-US\",\"potentialAction\":[{\"@type\":\"ReadAction\",\"target\":[\"https:\\\/\\\/www.mild.se\\\/en\\\/privacy-policy\\\/\"]}]},{\"@type\":\"BreadcrumbList\",\"@id\":\"https:\\\/\\\/www.mild.se\\\/en\\\/privacy-policy\\\/#breadcrumb\",\"itemListElement\":[{\"@type\":\"ListItem\",\"position\":1,\"name\":\"Home\",\"item\":\"https:\\\/\\\/www.mild.se\\\/en\\\/\"},{\"@type\":\"ListItem\",\"position\":2,\"name\":\"Privacy Policy\"}]},{\"@type\":\"WebSite\",\"@id\":\"https:\\\/\\\/www.mild.se\\\/en\\\/#website\",\"url\":\"https:\\\/\\\/www.mild.se\\\/en\\\/\",\"name\":\"Mild\",\"description\":\"\",\"publisher\":{\"@id\":\"https:\\\/\\\/www.mild.se\\\/en\\\/#organization\"},\"potentialAction\":[{\"@type\":\"SearchAction\",\"target\":{\"@type\":\"EntryPoint\",\"urlTemplate\":\"https:\\\/\\\/www.mild.se\\\/en\\\/?s={search_term_string}\"},\"query-input\":{\"@type\":\"PropertyValueSpecification\",\"valueRequired\":true,\"valueName\":\"search_term_string\"}}],\"inLanguage\":\"en-US\"},{\"@type\":\"Organization\",\"@id\":\"https:\\\/\\\/www.mild.se\\\/en\\\/#organization\",\"name\":\"Mild\",\"url\":\"https:\\\/\\\/www.mild.se\\\/en\\\/\",\"logo\":{\"@type\":\"ImageObject\",\"inLanguage\":\"en-US\",\"@id\":\"https:\\\/\\\/www.mild.se\\\/en\\\/#\\\/schema\\\/logo\\\/image\\\/\",\"url\":\"https:\\\/\\\/www.mild.se\\\/wp-content\\\/uploads\\\/2020\\\/10\\\/logotype-social-mild.png\",\"contentUrl\":\"https:\\\/\\\/www.mild.se\\\/wp-content\\\/uploads\\\/2020\\\/10\\\/logotype-social-mild.png\",\"width\":1080,\"height\":1080,\"caption\":\"Mild\"},\"image\":{\"@id\":\"https:\\\/\\\/www.mild.se\\\/en\\\/#\\\/schema\\\/logo\\\/image\\\/\"},\"sameAs\":[\"https:\\\/\\\/www.facebook.com\\\/mildmedia\\\/\",\"https:\\\/\\\/www.instagram.com\\\/mildmedia\\\/\",\"https:\\\/\\\/www.linkedin.com\\\/company\\\/mild-media\\\/\"]}]}<\/script>\n<!-- \/ Yoast SEO plugin. -->","yoast_head_json":{"title":"Privacy Policy - Mild","description":"Denna sekretess- och cookiespolicy informerar dig om hur vi anv\u00e4nder personuppgifter som l\u00e4mnas in till oss - L\u00e4s mer h\u00e4r - Mild","robots":{"index":"index","follow":"follow","max-snippet":"max-snippet:-1","max-image-preview":"max-image-preview:large","max-video-preview":"max-video-preview:-1"},"canonical":"https:\/\/www.mild.se\/en\/privacy-policy\/","og_locale":"en_US","og_type":"article","og_title":"Privacy Policy - Mild","og_description":"Denna sekretess- och cookiespolicy informerar dig om hur vi anv\u00e4nder personuppgifter som l\u00e4mnas in till oss - L\u00e4s mer h\u00e4r - Mild","og_url":"https:\/\/www.mild.se\/en\/privacy-policy\/","og_site_name":"Mild","article_publisher":"https:\/\/www.facebook.com\/mildmedia\/","article_modified_time":"2024-02-27T16:07:48+00:00","og_image":[{"width":1200,"height":627,"url":"https:\/\/www.mild.se\/wp-content\/uploads\/2022\/03\/Thumbnail_1200x627px.jpg","type":"image\/jpeg"}],"twitter_card":"summary_large_image","twitter_misc":{"Est. reading time":"4 minutes"},"schema":{"@context":"https:\/\/schema.org","@graph":[{"@type":"WebPage","@id":"https:\/\/www.mild.se\/en\/privacy-policy\/","url":"https:\/\/www.mild.se\/en\/privacy-policy\/","name":"Privacy Policy - Mild","isPartOf":{"@id":"https:\/\/www.mild.se\/en\/#website"},"datePublished":"2020-10-22T19:00:07+00:00","dateModified":"2024-02-27T16:07:48+00:00","description":"Denna sekretess- och cookiespolicy informerar dig om hur vi anv\u00e4nder personuppgifter som l\u00e4mnas in till oss - L\u00e4s mer h\u00e4r - Mild","breadcrumb":{"@id":"https:\/\/www.mild.se\/en\/privacy-policy\/#breadcrumb"},"inLanguage":"en-US","potentialAction":[{"@type":"ReadAction","target":["https:\/\/www.mild.se\/en\/privacy-policy\/"]}]},{"@type":"BreadcrumbList","@id":"https:\/\/www.mild.se\/en\/privacy-policy\/#breadcrumb","itemListElement":[{"@type":"ListItem","position":1,"name":"Home","item":"https:\/\/www.mild.se\/en\/"},{"@type":"ListItem","position":2,"name":"Privacy Policy"}]},{"@type":"WebSite","@id":"https:\/\/www.mild.se\/en\/#website","url":"https:\/\/www.mild.se\/en\/","name":"Mild","description":"","publisher":{"@id":"https:\/\/www.mild.se\/en\/#organization"},"potentialAction":[{"@type":"SearchAction","target":{"@type":"EntryPoint","urlTemplate":"https:\/\/www.mild.se\/en\/?s={search_term_string}"},"query-input":{"@type":"PropertyValueSpecification","valueRequired":true,"valueName":"search_term_string"}}],"inLanguage":"en-US"},{"@type":"Organization","@id":"https:\/\/www.mild.se\/en\/#organization","name":"Mild","url":"https:\/\/www.mild.se\/en\/","logo":{"@type":"ImageObject","inLanguage":"en-US","@id":"https:\/\/www.mild.se\/en\/#\/schema\/logo\/image\/","url":"https:\/\/www.mild.se\/wp-content\/uploads\/2020\/10\/logotype-social-mild.png","contentUrl":"https:\/\/www.mild.se\/wp-content\/uploads\/2020\/10\/logotype-social-mild.png","width":1080,"height":1080,"caption":"Mild"},"image":{"@id":"https:\/\/www.mild.se\/en\/#\/schema\/logo\/image\/"},"sameAs":["https:\/\/www.facebook.com\/mildmedia\/","https:\/\/www.instagram.com\/mildmedia\/","https:\/\/www.linkedin.com\/company\/mild-media\/"]}]}},"_links":{"self":[{"href":"https:\/\/www.mild.se\/en\/wp-json\/wp\/v2\/pages\/7855","targetHints":{"allow":["GET"]}}],"collection":[{"href":"https:\/\/www.mild.se\/en\/wp-json\/wp\/v2\/pages"}],"about":[{"href":"https:\/\/www.mild.se\/en\/wp-json\/wp\/v2\/types\/page"}],"author":[{"embeddable":true,"href":"https:\/\/www.mild.se\/en\/wp-json\/wp\/v2\/users\/1"}],"replies":[{"embeddable":true,"href":"https:\/\/www.mild.se\/en\/wp-json\/wp\/v2\/comments?post=7855"}],"version-history":[{"count":8,"href":"https:\/\/www.mild.se\/en\/wp-json\/wp\/v2\/pages\/7855\/revisions"}],"predecessor-version":[{"id":7866,"href":"https:\/\/www.mild.se\/en\/wp-json\/wp\/v2\/pages\/7855\/revisions\/7866"}],"wp:attachment":[{"href":"https:\/\/www.mild.se\/en\/wp-json\/wp\/v2\/media?parent=7855"}],"curies":[{"name":"wp","href":"https:\/\/api.w.org\/{rel}","templated":true}]}}